{"id":246,"date":"2020-06-25T22:01:25","date_gmt":"2020-06-25T22:01:25","guid":{"rendered":"http:\/\/wp.gerberhaus-eifel.de\/?page_id=246"},"modified":"2024-09-19T07:03:57","modified_gmt":"2024-09-19T07:03:57","slug":"preise","status":"publish","type":"page","link":"http:\/\/wp.gerberhaus-eifel.de\/?page_id=246","title":{"rendered":"Preise"},"content":{"rendered":"\n<p>Hier finden Sie die \u00dcbersicht zu den Preisen unserer Ferien-Unterk\u00fcnfte.<\/p>\n\n\n\n<p>Wir haben Ihnen jeweils die \u00dcbernachtungskosten sowie eventuelle Nebenkosten aufgelistet. Weitere Kosten entstehen Ihnen nicht!<\/p>\n\n\n\n<p>Sollte etwas unklar sein oder sollten Sie Fragen zur Verf\u00fcgbarkeit haben, nutzen Sie am besten unser <a href=\"http:\/\/wp.gerberhaus-eifel.de\/?page_id=247\">Kontaktformular<\/a>.<\/p>\n\n\n\n<hr class=\"wp-block-separator\"\/>\n\n\n\n<h3>Gerberhaus: Doppelzimmer<\/h3>\n\n\n\n<p>geeignet f\u00fcr bis zu 2 Personen, mit eigenem Bad (Dusche &amp; WC).<br>Fr\u00fchst\u00fcck auf Wunsch<\/p>\n\n\n\n<figure class=\"wp-block-table is-style-stripes\"><table><tbody><tr><td>Belegung mit 2 Personen (Preisstaffel ab 2 N\u00e4chten)<\/td><td>50 Euro\/ 1.\u00dcbernachtung<\/td><\/tr><tr><td>Belegung mit 1 Person (Preisstaffel ab 2 N\u00e4chten)<\/td><td>35 Euro\/ 1.\u00dcbernachtung <\/td><\/tr><tr><td>Auf Wunsch reichhaltiges Fr\u00fchst\u00fcck, gerne auch mit Lunchpaket<\/td><td>8,00 Euro pro Person<\/td><\/tr><tr><td>G\u00e4stebeitrag (ab 18 Jahre)<\/td><td>1,50 Euro je Person und Nacht<\/td><\/tr><\/tbody><\/table><\/figure>\n\n\n\n<hr class=\"wp-block-separator\"\/>\n\n\n\n<h3>Gerberhaus: Ferienwohnung<\/h3>\n\n\n\n<p>Komfortable Wohnung f\u00fcr bis zu 5 Personen. 2 Schlafzimmer, K\u00fcche, Esszimer, Wohnzimmer, Bad mit Wanne, Balkon.<\/p>\n\n\n\n<figure class=\"wp-block-table is-style-stripes\"><table><tbody><tr><td>Gesamte Wohnung ab 5 N\u00e4chte<\/td><td>85 Euro je Nacht<\/td><\/tr><tr><td>Gesamte Wohnung bis 4 N\u00e4chte<\/td><td>95 Euro je Nacht<\/td><\/tr><tr><td>Heizkostenpauschale im Winter (Oktober bis M\u00e4rz)<\/td><td>5 Euro je Nacht<\/td><\/tr><tr><td>G\u00e4stebeitrag (ab 18 Jahre)<\/td><td>1,50 Euro je Person und Nacht<\/td><\/tr><\/tbody><\/table><\/figure>\n\n\n\n<hr class=\"wp-block-separator\"\/>\n\n\n\n<h3>Gerberhaus: Das gesamte Haus als Ferienhaus<\/h3>\n\n\n\n<p>Das gesamte Gerberhaus f\u00fcr bis zu 7 Personen. 3 Schlafzimmer, K\u00fcche, Esszimmer, Wohnzimmer, Bad mit Wanne, Bad mit Dusche, Balkon.<\/p>\n\n\n\n<figure class=\"wp-block-table is-style-stripes\"><table><tbody><tr><td>Gesamtes Haus ab 5 N\u00e4chte<\/td><td>105 Euro je Nacht<\/td><\/tr><tr><td>Gesamtes Haus bis 4 N\u00e4chte<\/td><td>115 Euro je Nacht<\/td><\/tr><tr><td>Heizkostenpauschale im Winter (Oktober bis M\u00e4rz)<\/td><td>5 Euro je Nacht<\/td><\/tr><tr><td>G\u00e4stebeitrag (ab 18 Jahre)<\/td><td>1,50 Euro je Person und Nacht<\/td><\/tr><\/tbody><\/table><\/figure>\n\n\n\n<hr class=\"wp-block-separator\"\/>\n\n\n\n<h3>Haus Bruni<\/h3>\n\n\n\n<p>Ferienhaus f\u00fcr 5 (-7 Personen). 3 Schlafzimmer (1DZ, 1Zi.mit Etagenbett, 1EZ), K\u00fcche, Wohn\/-Esszimmer, Bad mit Dusche, Bad mit Wanne. Zus\u00e4tzlich gro\u00dfes Dachgeschoss mit Doppelbett m\u00f6glich.<\/p>\n\n\n\n<figure class=\"wp-block-table is-style-stripes\"><table><tbody><tr><td>Haus (5 Personen) ab 5 N\u00e4chte<\/td><td>85 Euro je Nacht<\/td><\/tr><tr><td>Haus (5 Personen) bis 4 N\u00e4chte<\/td><td>100 Euro je Nacht<\/td><\/tr><tr><td>optional: <br>gro\u00dfes Dachgeschoss-Zimmer f\u00fcr 2 weitere Personen<\/td><td>20 Euro je Nacht <\/td><\/tr><tr><td>Heizkostenpauschale im Winter (Oktober bis M\u00e4rz)<\/td><td>5 Euro je Nacht<\/td><\/tr><tr><td>G\u00e4stebeitrag (ab 18 Jahre)<\/td><td>1,50 Euro je Person und Nacht<\/td><\/tr><\/tbody><\/table><\/figure>\n\n\n\n<hr class=\"wp-block-separator\"\/>\n\n\n\n<h3>Strohpension<\/h3>\n\n\n\n<figure class=\"wp-block-table is-style-stripes\"><table><tbody><tr><td>Erwachsene<\/td><td>18 Euro je Nacht<\/td><\/tr><tr><td>Kinder (bis 13 Jahre)<\/td><td>13 Euro je Nacht<\/td><\/tr><tr><td>G\u00e4stebeitrag (ab 18 Jahre)<\/td><td>1,50 Euro je und Nacht<\/td><\/tr><tr><td>Auf Wunsch reichhaltiges Fr\u00fchst\u00fcck, <br>gerne auch mit Lunchpaket<\/td><td>8,00 Euro Erw. \/5,00 Euro Kd.<\/td><\/tr><\/tbody><\/table><\/figure>\n\n\n\n<div class=\"wp-block-buttons\"><\/div>\n\n\n\n<p><\/p>\n","protected":false},"excerpt":{"rendered":"<p>Hier finden Sie die \u00dcbersicht zu den Preisen unserer Ferien-Unterk\u00fcnfte. Wir haben Ihnen jeweils die \u00dcbernachtungskosten sowie eventuelle Nebenkosten aufgelistet. Weitere Kosten entstehen Ihnen nicht! Sollte etwas unklar sein oder sollten Sie Fragen zur Verf\u00fcgbarkeit haben, nutzen Sie am besten unser Kontaktformular. Gerberhaus: Doppelzimmer geeignet f\u00fcr bis zu 2 Personen, mit eigenem Bad (Dusche &amp;&hellip;&nbsp;<a href=\"http:\/\/wp.gerberhaus-eifel.de\/?page_id=246\" class=\"\" rel=\"bookmark\">Weiterlesen &raquo;<span class=\"screen-reader-text\">Preise<\/span><\/a><\/p>\n","protected":false},"author":1,"featured_media":0,"parent":0,"menu_order":0,"comment_status":"closed","ping_status":"closed","template":"","meta":{"ngg_post_thumbnail":0},"_links":{"self":[{"href":"http:\/\/wp.gerberhaus-eifel.de\/index.php?rest_route=\/wp\/v2\/pages\/246"}],"collection":[{"href":"http:\/\/wp.gerberhaus-eifel.de\/index.php?rest_route=\/wp\/v2\/pages"}],"about":[{"href":"http:\/\/wp.gerberhaus-eifel.de\/index.php?rest_route=\/wp\/v2\/types\/page"}],"author":[{"embeddable":true,"href":"http:\/\/wp.gerberhaus-eifel.de\/index.php?rest_route=\/wp\/v2\/users\/1"}],"replies":[{"embeddable":true,"href":"http:\/\/wp.gerberhaus-eifel.de\/index.php?rest_route=%2Fwp%2Fv2%2Fcomments&post=246"}],"version-history":[{"count":25,"href":"http:\/\/wp.gerberhaus-eifel.de\/index.php?rest_route=\/wp\/v2\/pages\/246\/revisions"}],"predecessor-version":[{"id":483,"href":"http:\/\/wp.gerberhaus-eifel.de\/index.php?rest_route=\/wp\/v2\/pages\/246\/revisions\/483"}],"wp:attachment":[{"href":"http:\/\/wp.gerberhaus-eifel.de\/index.php?rest_route=%2Fwp%2Fv2%2Fmedia&parent=246"}],"curies":[{"name":"wp","href":"https:\/\/api.w.org\/{rel}","templated":true}]}}